{"id":12,"date":"2025-07-04T13:35:11","date_gmt":"2025-07-04T11:35:11","guid":{"rendered":"https:\/\/backup.framegirona.dev\/?page_id=12"},"modified":"2026-01-13T13:45:13","modified_gmt":"2026-01-13T12:45:13","slug":"inici-psicologia-i-coaching","status":"publish","type":"page","link":"https:\/\/www.lauragolobardes.com\/es\/","title":{"rendered":"Inicio Psicolog\u00eda y Coaching"},"content":{"rendered":"<div data-elementor-type=\"wp-page\" data-elementor-id=\"12\" class=\"elementor elementor-12\" data-elementor-post-type=\"page\">\n\t\t\t\t<div class=\"elementor-element elementor-element-04cf180 e-flex e-con-boxed elementor-invisible e-con e-parent\" data-id=\"04cf180\" data-element_type=\"container\" data-e-type=\"container\" data-settings=\"{&quot;background_background&quot;:&quot;classic&quot;,&quot;animation&quot;:&quot;fadeIn&quot;}\">\n\t\t\t\t\t<div class=\"e-con-inner\">\n\t\t\t\t<div class=\"elementor-element elementor-element-501a2bd elementor-widget__width-initial elementor-widget elementor-widget-heading\" data-id=\"501a2bd\" data-element_type=\"widget\" data-e-type=\"widget\" data-widget_type=\"heading.default\">\n\t\t\t\t\t<h2 class=\"elementor-heading-title elementor-size-default\">Soy<strong> Laura Golobardes<\/strong>, psic\u00f3loga coach.<\/h2>\t\t\t\t<\/div>\n\t\t\t\t<div class=\"elementor-element elementor-element-b731397 elementor-widget__width-initial elementor-widget elementor-widget-heading\" data-id=\"b731397\" data-element_type=\"widget\" data-e-type=\"widget\" data-widget_type=\"heading.default\">\n\t\t\t\t\t<h2 class=\"elementor-heading-title elementor-size-default\">Te doy la bienvenida a un espacio que te ayudar\u00e1 a encontrar tu camino hacia el bienestar.<\/h2>\t\t\t\t<\/div>\n\t\t\t\t<div class=\"elementor-element elementor-element-02f42cb elementor-widget elementor-widget-button\" data-id=\"02f42cb\" data-element_type=\"widget\" data-e-type=\"widget\" data-widget_type=\"button.default\">\n\t\t\t\t\t\t\t\t\t\t<a class=\"elementor-button elementor-button-link elementor-size-sm\" href=\"https:\/\/www.lauragolobardes.com\/es\/sobre-mi\/\">\n\t\t\t\t\t\t<span class=\"elementor-button-content-wrapper\">\n\t\t\t\t\t\t\t\t\t<span class=\"elementor-button-text\">Sobre m\u00ed<\/span>\n\t\t\t\t\t<\/span>\n\t\t\t\t\t<\/a>\n\t\t\t\t\t\t\t\t<\/div>\n\t\t\t\t\t<\/div>\n\t\t\t\t<\/div>\n\t\t<div class=\"elementor-element elementor-element-01b55fc e-flex e-con-boxed elementor-invisible e-con e-parent\" data-id=\"01b55fc\" data-element_type=\"container\" data-e-type=\"container\" data-settings=\"{&quot;background_background&quot;:&quot;classic&quot;,&quot;animation&quot;:&quot;fadeIn&quot;}\">\n\t\t\t\t\t<div class=\"e-con-inner\">\n\t\t\t\t<div class=\"elementor-element elementor-element-f372c3a elementor-invisible elementor-widget elementor-widget-image\" data-id=\"f372c3a\" data-element_type=\"widget\" data-e-type=\"widget\" data-settings=\"{&quot;_animation&quot;:&quot;zoomIn&quot;,&quot;_animation_delay&quot;:800}\" data-widget_type=\"image.default\">\n\t\t\t\t\t\t\t\t\t\t\t\t\t\t\t<img fetchpriority=\"high\" decoding=\"async\" width=\"512\" height=\"512\" src=\"https:\/\/www.lauragolobardes.com\/wp-content\/uploads\/2025\/07\/fav.png\" class=\"attachment-large size-large wp-image-61\" alt=\"favicon Laura Golobardes\" srcset=\"https:\/\/www.lauragolobardes.com\/wp-content\/uploads\/2025\/07\/fav.png 512w, https:\/\/www.lauragolobardes.com\/wp-content\/uploads\/2025\/07\/fav-150x150.png 150w\" sizes=\"(max-width: 512px) 100vw, 512px\" \/>\t\t\t\t\t\t\t\t\t\t\t\t\t\t\t<\/div>\n\t\t\t\t<div class=\"elementor-element elementor-element-a9dabbe elementor-widget__width-initial elementor-widget elementor-widget-text-editor\" data-id=\"a9dabbe\" data-element_type=\"widget\" data-e-type=\"widget\" data-widget_type=\"text-editor.default\">\n\t\t\t\t\t\t\t\t\t<p>Un espacio de reflexi\u00f3n, de calma y de acompa\u00f1amiento donde podr\u00e1s reconectar contigo mismo y desbloquear aquellas cosas que te impiden avanzar ya sea a nivel personal, profesional o acad\u00e9mico.<\/p><p>Detenerte, respirar y empezar a construir una forma de vivir libre de malestar y de bloqueos.<\/p>\t\t\t\t\t\t\t\t<\/div>\n\t\t\t\t\t<\/div>\n\t\t\t\t<\/div>\n\t\t<div class=\"elementor-element elementor-element-eaf7341 e-con-full e-flex elementor-invisible e-con e-parent\" data-id=\"eaf7341\" data-element_type=\"container\" data-e-type=\"container\" data-settings=\"{&quot;animation&quot;:&quot;fadeIn&quot;}\">\n\t\t<div class=\"elementor-element elementor-element-83d7168 e-con-full e-flex e-con e-child\" data-id=\"83d7168\" data-element_type=\"container\" data-e-type=\"container\" data-settings=\"{&quot;background_background&quot;:&quot;classic&quot;}\">\n\t\t\t\t<div class=\"elementor-element elementor-element-b450588 elementor-widget__width-initial elementor-widget elementor-widget-heading\" data-id=\"b450588\" data-element_type=\"widget\" data-e-type=\"widget\" data-widget_type=\"heading.default\">\n\t\t\t\t\t<h2 class=\"elementor-heading-title elementor-size-default\">\u00bfEst\u00e1s en un momento vital que necesitas tomar decisiones, pero que te da miedo hacerlo por si te equivocas?<\/h2>\t\t\t\t<\/div>\n\t\t\t\t<div class=\"elementor-element elementor-element-27261a5 elementor-widget__width-initial elementor-widget elementor-widget-text-editor\" data-id=\"27261a5\" data-element_type=\"widget\" data-e-type=\"widget\" data-widget_type=\"text-editor.default\">\n\t\t\t\t\t\t\t\t\t<p>Quiz\u00e1s te resuenen algunas de estas situaciones:<\/p><p>\u201cQuiero ser madre pero me da miedo tener que renunciar a mi carrera profesional\u201d<\/p><p>\u201c&quot;Necesito tiempo para m\u00ed pero a la vez siento que supondr\u00eda dejar de lado a mis hijos&quot;\u201d<\/p><p>\u201c&quot;Me siento desmotivada y estancada con mi pareja y no s\u00e9 si realmente quiero seguir con la relaci\u00f3n&quot;\u201d<\/p><p>\u201cNos discutimos mucho con mi pareja y cada vez nos estamos distanciando m\u00e1s, me da miedo perderla\u201d.<\/p><p>\u201c&quot;Cada vez me siento m\u00e1s distanciado de mis amigos, creo que ya no encajo con ellos, y eso me preocupa&quot;\u201d<\/p>\t\t\t\t\t\t\t\t<\/div>\n\t\t\t\t<\/div>\n\t\t<div class=\"elementor-element elementor-element-8efb301 e-con-full e-flex e-con e-child\" data-id=\"8efb301\" data-element_type=\"container\" data-e-type=\"container\" data-settings=\"{&quot;background_background&quot;:&quot;classic&quot;}\">\n\t\t\t\t<\/div>\n\t\t\t\t<\/div>\n\t\t<div class=\"elementor-element elementor-element-01ba885 e-con-full e-flex e-con e-parent\" data-id=\"01ba885\" data-element_type=\"container\" data-e-type=\"container\">\n\t\t<div class=\"elementor-element elementor-element-f2fbdd7 e-con-full e-flex e-con e-child\" data-id=\"f2fbdd7\" data-element_type=\"container\" data-e-type=\"container\" data-settings=\"{&quot;background_background&quot;:&quot;classic&quot;}\">\n\t\t\t\t<\/div>\n\t\t<div class=\"elementor-element elementor-element-e44f8b6 e-con-full e-flex e-con e-child\" data-id=\"e44f8b6\" data-element_type=\"container\" data-e-type=\"container\" data-settings=\"{&quot;background_background&quot;:&quot;classic&quot;}\">\n\t\t\t\t<div class=\"elementor-element elementor-element-2f35116 elementor-widget__width-initial elementor-widget elementor-widget-heading\" data-id=\"2f35116\" data-element_type=\"widget\" data-e-type=\"widget\" data-widget_type=\"heading.default\">\n\t\t\t\t\t<h2 class=\"elementor-heading-title elementor-size-default\">Quiz\u00e1s estas decisiones tienen que ver con tu carrera profesional o acad\u00e9mica:<\/h2>\t\t\t\t<\/div>\n\t\t\t\t<div class=\"elementor-element elementor-element-d63aa83 elementor-widget__width-initial elementor-widget elementor-widget-text-editor\" data-id=\"d63aa83\" data-element_type=\"widget\" data-e-type=\"widget\" data-widget_type=\"text-editor.default\">\n\t\t\t\t\t\t\t\t\t<p>\u201cQuiero empezar un nuevo proyecto profesional pero me da miedo dejar mi trabajo estable\u201d<\/p><p>\u201c&quot;Me siento muy desmotivada en el trabajo o con los estudios, y creo que necesito un cambio, pero no s\u00e9 cu\u00e1l&quot;.<\/p><p>\u201c&quot;Querr\u00eda un ascenso laboral pero necesitar\u00eda mejorar mi competencia en gesti\u00f3n de equipos y en liderazgo&quot;.<\/p><p>\u201c&quot;He terminado los estudios universitarios y no s\u00e9 c\u00f3mo incorporarme al mundo laboral&quot;\u201d<\/p><p>\u201cHe terminado el bachillerato y me da miedo elegir unos estudios universitarios y equivocarme\u201d:<\/p>\t\t\t\t\t\t\t\t<\/div>\n\t\t\t\t<\/div>\n\t\t\t\t<\/div>\n\t\t<div class=\"elementor-element elementor-element-2c2f350 e-con-full e-flex e-con e-parent\" data-id=\"2c2f350\" data-element_type=\"container\" data-e-type=\"container\">\n\t\t<div class=\"elementor-element elementor-element-1d61f9b e-con-full e-flex e-con e-child\" data-id=\"1d61f9b\" data-element_type=\"container\" data-e-type=\"container\" data-settings=\"{&quot;background_background&quot;:&quot;classic&quot;}\">\n\t\t\t\t<div class=\"elementor-element elementor-element-ef384be elementor-widget__width-initial elementor-widget elementor-widget-heading\" data-id=\"ef384be\" data-element_type=\"widget\" data-e-type=\"widget\" data-widget_type=\"heading.default\">\n\t\t\t\t\t<h2 class=\"elementor-heading-title elementor-size-default\">Pues te doy una buena noticia \ud83d\ude42 <br>Resolver todos estos miedos es posible.<\/h2>\t\t\t\t<\/div>\n\t\t\t\t<div class=\"elementor-element elementor-element-2a5dbe0 elementor-widget__width-initial elementor-widget elementor-widget-text-editor\" data-id=\"2a5dbe0\" data-element_type=\"widget\" data-e-type=\"widget\" data-widget_type=\"text-editor.default\">\n\t\t\t\t\t\t\t\t\t<p>S\u00f3lo necesitas un buen acompa\u00f1amiento que te ayude a entender bien la situaci\u00f3n en la que te encuentras, a planificar tus acciones desde tu esencia, tus necesidades y lo que realmente quieres. Siempre desde el respeto hacia ti mismo\/ay en consonancia con tus valores. S\u00f3lo as\u00ed podr\u00e1s sentirte en paz con sus decisiones.<\/p><p>Si te has sentido identificado\/a con alguna de estas situaciones, <strong>estoy aqu\u00ed para poderte acompa\u00f1ar y ayudar a darle respuesta<\/strong>.<\/p>\t\t\t\t\t\t\t\t<\/div>\n\t\t\t\t<div class=\"elementor-element elementor-element-36e5d93 elementor-widget elementor-widget-button\" data-id=\"36e5d93\" data-element_type=\"widget\" data-e-type=\"widget\" data-widget_type=\"button.default\">\n\t\t\t\t\t\t\t\t\t\t<a class=\"elementor-button elementor-button-link elementor-size-sm\" href=\"https:\/\/www.lauragolobardes.com\/es\/serveis\/\">\n\t\t\t\t\t\t<span class=\"elementor-button-content-wrapper\">\n\t\t\t\t\t\t\t\t\t<span class=\"elementor-button-text\">Servicios<\/span>\n\t\t\t\t\t<\/span>\n\t\t\t\t\t<\/a>\n\t\t\t\t\t\t\t\t<\/div>\n\t\t\t\t<\/div>\n\t\t<div class=\"elementor-element elementor-element-d210eb7 e-con-full e-flex e-con e-child\" data-id=\"d210eb7\" data-element_type=\"container\" data-e-type=\"container\" data-settings=\"{&quot;background_background&quot;:&quot;classic&quot;}\">\n\t\t\t\t<\/div>\n\t\t\t\t<\/div>\n\t\t\t\t<\/div>","protected":false},"excerpt":{"rendered":"<p>S\u00f3c la Laura Golobardes, psic\u00f2loga coach. Et dono la benvinguda a un espai que t\u2019ajudar\u00e0 a trobar el teu cam\u00ed cap al benestar. Sobre mi Un espai de reflexi\u00f3, de calma i d\u2019acompanyament on podr\u00e0s reconnectar amb tu mateix\/a i desbloquejar aquelles coses que t\u2019impedeixen avan\u00e7ar ja sigui a nivell personal, professional o acad\u00e8mic. Aturar-te, [&hellip;]<\/p>\n","protected":false},"author":1,"featured_media":205,"parent":0,"menu_order":0,"comment_status":"closed","ping_status":"closed","template":"","meta":{"footnotes":""},"class_list":["post-12","page","type-page","status-publish","has-post-thumbnail","hentry"],"_links":{"self":[{"href":"https:\/\/www.lauragolobardes.com\/es\/wp-json\/wp\/v2\/pages\/12","targetHints":{"allow":["GET"]}}],"collection":[{"href":"https:\/\/www.lauragolobardes.com\/es\/wp-json\/wp\/v2\/pages"}],"about":[{"href":"https:\/\/www.lauragolobardes.com\/es\/wp-json\/wp\/v2\/types\/page"}],"author":[{"embeddable":true,"href":"https:\/\/www.lauragolobardes.com\/es\/wp-json\/wp\/v2\/users\/1"}],"replies":[{"embeddable":true,"href":"https:\/\/www.lauragolobardes.com\/es\/wp-json\/wp\/v2\/comments?post=12"}],"version-history":[{"count":132,"href":"https:\/\/www.lauragolobardes.com\/es\/wp-json\/wp\/v2\/pages\/12\/revisions"}],"predecessor-version":[{"id":719,"href":"https:\/\/www.lauragolobardes.com\/es\/wp-json\/wp\/v2\/pages\/12\/revisions\/719"}],"wp:featuredmedia":[{"embeddable":true,"href":"https:\/\/www.lauragolobardes.com\/es\/wp-json\/wp\/v2\/media\/205"}],"wp:attachment":[{"href":"https:\/\/www.lauragolobardes.com\/es\/wp-json\/wp\/v2\/media?parent=12"}],"curies":[{"name":"WordPress","href":"https:\/\/api.w.org\/{rel}","templated":true}]}}